{"id":174,"date":"2026-02-22T19:06:53","date_gmt":"2026-02-22T18:06:53","guid":{"rendered":"https:\/\/brandnavigator.app\/?page_id=174"},"modified":"2026-02-25T18:58:28","modified_gmt":"2026-02-25T17:58:28","slug":"cookies","status":"publish","type":"page","link":"https:\/\/brandnavigator.app\/de\/cookies\/","title":{"rendered":"cookies"},"content":{"rendered":"<p>[et_pb_section fb_built=&#8221;1&#8243; admin_label=&#8221;Header&#8221; _builder_version=&#8221;4.19.2&#8243; _module_preset=&#8221;default&#8221; overflow-x=&#8221;hidden&#8221; overflow-y=&#8221;hidden&#8221; custom_padding=&#8221;||1px|||&#8221; collapsed=&#8221;on&#8221; global_colors_info=&#8221;{}&#8221;][et_pb_row _builder_version=&#8221;4.27.5&#8243; _module_preset=&#8221;default&#8221; custom_padding=&#8221;||2px|||&#8221; global_colors_info=&#8221;{}&#8221;][et_pb_column type=&#8221;4_4&#8243; _builder_version=&#8221;4.27.5&#8243; _module_preset=&#8221;default&#8221; global_colors_info=&#8221;{}&#8221;][et_pb_text _builder_version=&#8221;4.27.5&#8243; _module_preset=&#8221;a9822fe1-92f0-4a0b-bf44-fd054bd6a77d&#8221; header_font=&#8221;Work Sans|700||on|||||&#8221; header_text_color=&#8221;#1f2937&#8243; header_font_size=&#8221;50px&#8221; custom_margin=&#8221;1px||10px||false|false&#8221; custom_margin_tablet=&#8221;|0%|||false|false&#8221; custom_margin_phone=&#8221;|0%|||false|false&#8221; custom_margin_last_edited=&#8221;on|tablet&#8221; hover_enabled=&#8221;0&#8243; header_font_size_tablet=&#8221;6vw&#8221; header_font_size_phone=&#8221;6vw&#8221; global_colors_info=&#8221;{}&#8221; sticky_enabled=&#8221;0&#8243;]<\/p>\n<h1 style=\"text-align: center;\">S\u00fcti szab\u00e1lyzat<\/h1>\n<p>[\/et_pb_text][et_pb_text _builder_version=&#8221;4.27.5&#8243; _module_preset=&#8221;a9822fe1-92f0-4a0b-bf44-fd054bd6a77d&#8221; text_font=&#8221;Mulish||||||||&#8221; text_line_height=&#8221;1.8em&#8221; header_font=&#8221;Quicksand|600||on|||||&#8221; header_font_size=&#8221;50px&#8221; custom_margin=&#8221;||||false|false&#8221; custom_margin_tablet=&#8221;|0%|||false|false&#8221; custom_margin_phone=&#8221;|0%|||false|false&#8221; custom_margin_last_edited=&#8221;on|tablet&#8221; hover_enabled=&#8221;0&#8243; header_font_size_tablet=&#8221;6vw&#8221; header_font_size_phone=&#8221;6vw&#8221; global_colors_info=&#8221;{}&#8221; sticky_enabled=&#8221;0&#8243;]<\/p>\n<p>Hat\u00e1lyos: 2026.02.25<\/p>\n<hr \/>\n<h2>1. A szab\u00e1lyzat c\u00e9lja<\/h2>\n<p>Jelen S\u00fcti- \u00e9s T\u00e1rol\u00e1si Szab\u00e1lyzat bemutatja, hogy a BrandNavigator weboldal \u00e9s SaaS alkalmaz\u00e1s milyen s\u00fctiket \u00e9s egy\u00e9b b\u00f6ng\u00e9sz\u0151oldali t\u00e1rol\u00e1si technol\u00f3gi\u00e1kat haszn\u00e1l.<\/p>\n<p>A szab\u00e1lyzat vonatkozik:<\/p>\n<ul>\n<li>\n<p>brandnavigator.app (marketing oldal)<\/p>\n<\/li>\n<li>\n<p>my.brandnavigator.app (SaaS alkalmaz\u00e1s)<\/p>\n<\/li>\n<\/ul>\n<hr \/>\n<h1>I. R\u00c9SZ \u2013 WEBOLDAL (brandnavigator.app)<\/h1>\n<h2>2. Mi az a s\u00fcti?<\/h2>\n<p>A s\u00fcti (cookie) egy kis adatf\u00e1jl, amely a felhaszn\u00e1l\u00f3 eszk\u00f6z\u00e9n ker\u00fcl t\u00e1rol\u00e1sra a weboldal l\u00e1togat\u00e1sa sor\u00e1n.<\/p>\n<hr \/>\n<h2>3. Haszn\u00e1lt s\u00fctik kateg\u00f3ri\u00e1i<\/h2>\n<h3>3.1 Sz\u00fcks\u00e9ges s\u00fctik<\/h3>\n<p>Ezek a weboldal m\u0171k\u00f6d\u00e9s\u00e9hez elengedhetetlenek.<\/p>\n<p>P\u00e9ld\u00e1ul:<\/p>\n<ul>\n<li>\n<p>munkamenet azonos\u00edt\u00f3k<\/p>\n<\/li>\n<li>\n<p>biztons\u00e1gi s\u00fctik<\/p>\n<\/li>\n<li>\n<p>fizet\u00e9si folyamatot biztos\u00edt\u00f3 technikai s\u00fctik<\/p>\n<\/li>\n<\/ul>\n<p>Jogalap: jogos \u00e9rdek (GDPR 6. cikk (1) f))<br \/>Ezek nem kapcsolhat\u00f3k ki.<\/p>\n<hr \/>\n<h3>3.2 Statisztikai s\u00fctik<\/h3>\n<p>A weboldal a k\u00f6vetkez\u0151 analitikai eszk\u00f6z\u00f6ket haszn\u00e1lhatja:<\/p>\n<ul>\n<li>\n<p>Google Analytics 4<\/p>\n<\/li>\n<li>\n<p>MonsterInsights (GA4 integr\u00e1ci\u00f3)<\/p>\n<\/li>\n<li>\n<p>TruConversion<\/p>\n<\/li>\n<li>\n<p>Sentry (hibak\u00f6vet\u00e9s)<\/p>\n<\/li>\n<\/ul>\n<p>Ezek a s\u00fctik:<\/p>\n<ul>\n<li>\n<p>l\u00e1togatotts\u00e1gi adatokat gy\u0171jtenek<\/p>\n<\/li>\n<li>\n<p>forgalmi elemz\u00e9st tesznek lehet\u0151v\u00e9<\/p>\n<\/li>\n<li>\n<p>hibastatisztik\u00e1t k\u00e9sz\u00edtenek<\/p>\n<\/li>\n<\/ul>\n<p>A Sentry nem t\u00e1rol szem\u00e9lyes azonos\u00edt\u00f3t, \u00e9s nem kapcsol user ID-t a hib\u00e1khoz.<\/p>\n<p>Jogalap: hozz\u00e1j\u00e1rul\u00e1s (GDPR 6. cikk (1) a))<br \/>Csak hozz\u00e1j\u00e1rul\u00e1s ut\u00e1n aktiv\u00e1l\u00f3dnak.<\/p>\n<hr \/>\n<h3>3.3 Marketing s\u00fctik<\/h3>\n<p>A weboldal marketing c\u00e9lb\u00f3l az al\u00e1bbi eszk\u00f6z\u00f6ket haszn\u00e1lhatja:<\/p>\n<ul>\n<li>\n<p>Meta Pixel (Facebook\/Instagram)<\/p>\n<\/li>\n<\/ul>\n<p>Ezek a s\u00fctik:<\/p>\n<ul>\n<li>\n<p>remarketinget tesznek lehet\u0151v\u00e9<\/p>\n<\/li>\n<li>\n<p>hirdet\u00e9sek szem\u00e9lyre szab\u00e1s\u00e1t t\u00e1mogatj\u00e1k<\/p>\n<\/li>\n<\/ul>\n<p>Jogalap: hozz\u00e1j\u00e1rul\u00e1s<\/p>\n<hr \/>\n<h3>3.4 Harmadik f\u00e9l technol\u00f3gi\u00e1k<\/h3>\n<p>A weboldal az al\u00e1bbi szolg\u00e1ltat\u00f3kat haszn\u00e1lhatja:<\/p>\n<ul>\n<li>\n<p>Stripe (fizet\u00e9si folyamat sor\u00e1n)<\/p>\n<\/li>\n<li>\n<p>Google Fonts (amennyiben CDN-r\u0151l t\u00f6lt\u0151dik)<\/p>\n<\/li>\n<li>\n<p>TruConversion<\/p>\n<\/li>\n<li>\n<p>Google Analytics<\/p>\n<\/li>\n<li>\n<p>Meta<\/p>\n<\/li>\n<\/ul>\n<p>Amennyiben Google Fonts k\u00fcls\u0151 CDN-r\u0151l t\u00f6lt\u0151dik, az IP-c\u00edm harmadik orsz\u00e1gba tov\u00e1bb\u00edt\u00e1sra ker\u00fclhet.<\/p>\n<hr \/>\n<h1>II. R\u00c9SZ \u2013 SAAS ALKALMAZ\u00c1S (my.brandnavigator.app)<\/h1>\n<h2>4. Technikai t\u00e1rol\u00e1si megold\u00e1sok<\/h2>\n<p>A SaaS alkalmaz\u00e1s az al\u00e1bbi technol\u00f3gi\u00e1kat haszn\u00e1lja:<\/p>\n<ul>\n<li>\n<p>HTTP s\u00fctik (autentik\u00e1ci\u00f3)<\/p>\n<\/li>\n<li>\n<p>localStorage<\/p>\n<\/li>\n<li>\n<p>sessionStorage<\/p>\n<\/li>\n<\/ul>\n<p>Ezek c\u00e9lja:<\/p>\n<ul>\n<li>\n<p>felhaszn\u00e1l\u00f3i munkamenet fenntart\u00e1sa<\/p>\n<\/li>\n<li>\n<p>biztons\u00e1gos bejelentkez\u00e9s<\/p>\n<\/li>\n<li>\n<p>profil \u00e9s kamp\u00e1ny adatok gyors\u00edt\u00f3t\u00e1raz\u00e1sa<\/p>\n<\/li>\n<li>\n<p>rendszer m\u0171k\u00f6d\u00e9s\u00e9nek biztos\u00edt\u00e1sa<\/p>\n<\/li>\n<\/ul>\n<p>Ezek a t\u00e1rol\u00e1si technol\u00f3gi\u00e1k a szolg\u00e1ltat\u00e1s m\u0171k\u00f6d\u00e9s\u00e9hez sz\u00fcks\u00e9gesek.<\/p>\n<p>Jogalap: jogos \u00e9rdek (GDPR 6. cikk (1) f))<\/p>\n<hr \/>\n<h2>5. Supabase autentik\u00e1ci\u00f3<\/h2>\n<p>A SaaS alkalmaz\u00e1s Supabase alap\u00fa autentik\u00e1ci\u00f3t haszn\u00e1l.<\/p>\n<p>A rendszer:<\/p>\n<ul>\n<li>\n<p>munkamenet tokeneket t\u00e1rol<\/p>\n<\/li>\n<li>\n<p>biztons\u00e1gi c\u00e9l\u00fa session kezel\u00e9st alkalmaz<\/p>\n<\/li>\n<\/ul>\n<p>Ezek a s\u00fctik \u00e9s t\u00e1rol\u00e1si elemek a szolg\u00e1ltat\u00e1s m\u0171k\u00f6d\u00e9s\u00e9hez elengedhetetlenek.<\/p>\n<hr \/>\n<h2>6. Social Media integr\u00e1ci\u00f3<\/h2>\n<p>OAuth kapcsolat eset\u00e9n:<\/p>\n<ul>\n<li>\n<p>hozz\u00e1f\u00e9r\u00e9si token<\/p>\n<\/li>\n<li>\n<p>refresh token<\/p>\n<\/li>\n<\/ul>\n<p>t\u00e1rol\u00e1s t\u00f6rt\u00e9nik biztons\u00e1gos m\u00f3don.<\/p>\n<p>Ezek a t\u00e1rol\u00e1si elemek a felhaszn\u00e1l\u00f3 \u00e1ltal kezdem\u00e9nyezett funkci\u00f3hoz sz\u00fcks\u00e9gesek.<\/p>\n<hr \/>\n<h2>7. Sentry hibak\u00f6vet\u00e9s<\/h2>\n<p>A SaaS alkalmaz\u00e1s hibak\u00f6vet\u00e9s c\u00e9lj\u00e1b\u00f3l Sentry szolg\u00e1ltat\u00e1st haszn\u00e1l.<\/p>\n<p>A rendszer:<\/p>\n<ul>\n<li>\n<p>nem kapcsol szem\u00e9lyes azonos\u00edt\u00f3t a hib\u00e1khoz<\/p>\n<\/li>\n<li>\n<p>nem k\u00fcld user ID-t<\/p>\n<\/li>\n<li>\n<p>nem r\u00f6gz\u00edt szem\u00e9lyes adatot hibalogban<\/p>\n<\/li>\n<\/ul>\n<p>A hibak\u00f6vet\u00e9s c\u00e9lja a rendszer stabil m\u0171k\u00f6d\u00e9s\u00e9nek biztos\u00edt\u00e1sa.<\/p>\n<hr \/>\n<h2>8. Google Fonts<\/h2>\n<p>A SaaS alkalmaz\u00e1s a bet\u0171t\u00edpusokat lok\u00e1lisan szolg\u00e1lja ki, \u00edgy nem t\u00f6rt\u00e9nik k\u00fcls\u0151 IP-c\u00edm tov\u00e1bb\u00edt\u00e1s ezen a csatorn\u00e1n.<\/p>\n<hr \/>\n<h1>III. HOZZ\u00c1J\u00c1RUL\u00c1S KEZEL\u00c9SE<\/h1>\n<p>A weboldalon a s\u00fctik kezel\u00e9s\u00e9t a CookieAdmin b\u0151v\u00edtm\u00e9ny biztos\u00edtja.<\/p>\n<p>A felhaszn\u00e1l\u00f3:<\/p>\n<ul>\n<li>\n<p>elfogadhatja az \u00f6sszes s\u00fctit<\/p>\n<\/li>\n<li>\n<p>testre szabhatja a be\u00e1ll\u00edt\u00e1sokat<\/p>\n<\/li>\n<li>\n<p>b\u00e1rmikor m\u00f3dos\u00edthatja hozz\u00e1j\u00e1rul\u00e1s\u00e1t<\/p>\n<\/li>\n<\/ul>\n<hr \/>\n<h1>IV. S\u00fctik kezel\u00e9se a b\u00f6ng\u00e9sz\u0151ben<\/h1>\n<p>A legt\u00f6bb b\u00f6ng\u00e9sz\u0151 lehet\u0151s\u00e9get biztos\u00edt a s\u00fctik t\u00f6rl\u00e9s\u00e9re vagy blokkol\u00e1s\u00e1ra.<\/p>\n<p>A s\u00fctik letilt\u00e1sa a weboldal vagy a SaaS m\u0171k\u00f6d\u00e9s\u00e9nek korl\u00e1toz\u00e1s\u00e1val j\u00e1rhat.<\/p>\n<hr \/>\n<h1>V. Kapcsolat<\/h1>\n<p>K\u00e9rd\u00e9s eset\u00e9n:<br \/><a href=\"mailto:hello@brandnavigator.app\">support@brandnavigator.app<\/a><\/p>\n<p>[\/et_pb_text][\/et_pb_column][\/et_pb_row][\/et_pb_section][et_pb_section fb_built=&#8221;1&#8243; _builder_version=&#8221;4.27.5&#8243; _module_preset=&#8221;default&#8221; global_colors_info=&#8221;{}&#8221;][\/et_pb_section]<\/p>\n","protected":false},"excerpt":{"rendered":"<p>S\u00fcti szab\u00e1lyzatHat\u00e1lyos: 2026.02.25 1. A szab\u00e1lyzat c\u00e9lja Jelen S\u00fcti- \u00e9s T\u00e1rol\u00e1si Szab\u00e1lyzat bemutatja, hogy a BrandNavigator weboldal \u00e9s SaaS alkalmaz\u00e1s milyen s\u00fctiket \u00e9s egy\u00e9b b\u00f6ng\u00e9sz\u0151oldali t\u00e1rol\u00e1si technol\u00f3gi\u00e1kat haszn\u00e1l. A szab\u00e1lyzat vonatkozik: brandnavigator.app (marketing oldal) my.brandnavigator.app (SaaS alkalmaz\u00e1s) I. R\u00c9SZ \u2013 WEBOLDAL (brandnavigator.app) 2. Mi az a s\u00fcti? A s\u00fcti (cookie) egy kis adatf\u00e1jl, amely a [&hellip;]<\/p>\n","protected":false},"author":1,"featured_media":0,"parent":0,"menu_order":0,"comment_status":"closed","ping_status":"closed","template":"","meta":{"_et_pb_use_builder":"on","_et_pb_old_content":"<!-- wp:divi\/placeholder \/-->","_et_gb_content_width":"","_analytify_skip_tracking":false,"footnotes":""},"class_list":["post-174","page","type-page","status-publish","hentry"],"_links":{"self":[{"href":"https:\/\/brandnavigator.app\/de\/wp-json\/wp\/v2\/pages\/174","targetHints":{"allow":["GET"]}}],"collection":[{"href":"https:\/\/brandnavigator.app\/de\/wp-json\/wp\/v2\/pages"}],"about":[{"href":"https:\/\/brandnavigator.app\/de\/wp-json\/wp\/v2\/types\/page"}],"author":[{"embeddable":true,"href":"https:\/\/brandnavigator.app\/de\/wp-json\/wp\/v2\/users\/1"}],"replies":[{"embeddable":true,"href":"https:\/\/brandnavigator.app\/de\/wp-json\/wp\/v2\/comments?post=174"}],"version-history":[{"count":4,"href":"https:\/\/brandnavigator.app\/de\/wp-json\/wp\/v2\/pages\/174\/revisions"}],"predecessor-version":[{"id":239,"href":"https:\/\/brandnavigator.app\/de\/wp-json\/wp\/v2\/pages\/174\/revisions\/239"}],"wp:attachment":[{"href":"https:\/\/brandnavigator.app\/de\/wp-json\/wp\/v2\/media?parent=174"}],"curies":[{"name":"wp","href":"https:\/\/api.w.org\/{rel}","templated":true}]}}