{"id":251,"date":"2026-02-26T13:56:38","date_gmt":"2026-02-26T12:56:38","guid":{"rendered":"https:\/\/brandnavigator.app\/?page_id=251"},"modified":"2026-03-03T22:47:26","modified_gmt":"2026-03-03T21:47:26","slug":"tete-de-mat","status":"publish","type":"page","link":"https:\/\/brandnavigator.app\/fr\/impresszum\/","title":{"rendered":"t\u00eate de m\u00e2t"},"content":{"rendered":"<p>[et_pb_section fb_built=&#8221;1&#8243; theme_builder_area=&#8221;post_content&#8221; _builder_version=&#8221;4.27.5&#8243; _module_preset=&#8221;default&#8221;][et_pb_row _builder_version=&#8221;4.27.5&#8243; _module_preset=&#8221;default&#8221; theme_builder_area=&#8221;post_content&#8221;][et_pb_column _builder_version=&#8221;4.27.5&#8243; _module_preset=&#8221;default&#8221; type=&#8221;4_4&#8243; theme_builder_area=&#8221;post_content&#8221;][et_pb_text _builder_version=&#8221;4.27.5&#8243; _module_preset=&#8221;default&#8221; theme_builder_area=&#8221;post_content&#8221; hover_enabled=&#8221;0&#8243; sticky_enabled=&#8221;0&#8243; header_2_font=&#8221;Work Sans|700||on|||||&#8221; header_2_text_align=&#8221;center&#8221;]<\/p>\n<h2>Impresszum<\/h2>\n<p>[\/et_pb_text][et_pb_text _builder_version=&#8221;4.27.5&#8243; _module_preset=&#8221;default&#8221; theme_builder_area=&#8221;post_content&#8221; hover_enabled=&#8221;0&#8243; sticky_enabled=&#8221;0&#8243;]<\/p>\n<p style=\"text-align: center;\">A weboldal tulajdonos\u00e1nak neve:<span>\u00a0<\/span><strong>Mind Bridge Kft.<\/strong><br \/>El\u00e9rhet\u0151s\u00e9gi adatok:<span>\u00a0<\/span><strong>+3620 467 9022<span>\u00a0<\/span><span>|<\/span><span>\u00a0<\/span><a href=\"mailto:hello@brandnavigator.app\">hello@brandnavigator.app<\/a><\/strong><br \/>Ad\u00f3sz\u00e1m:\u00a0<strong>23384778-1-07<\/strong><br \/>C\u00e9gjegyz\u00e9ksz\u00e1m:<span>\u00a0<\/span><strong>07-09-020559<\/strong><br \/>B\u00e1rmilyen szakmai kapcsolat vagy tags\u00e1g<br \/>A weboldalon tal\u00e1lhat\u00f3 tartalom szerz\u0151i jogi inform\u00e1ci\u00f3i:<span><br \/><\/span><strong>Minden jog fenntartva! \u00a9 Mind Bridge Kft.<\/strong><\/p>\n<p>[\/et_pb_text][\/et_pb_column][\/et_pb_row][\/et_pb_section]<\/p>\n","protected":false},"excerpt":{"rendered":"<p>ImpresszumA weboldal tulajdonos\u00e1nak neve:\u00a0Mind Bridge Kft.El\u00e9rhet\u0151s\u00e9gi adatok:\u00a0+3620 467 9022\u00a0|\u00a0hello@brandnavigator.appAd\u00f3sz\u00e1m:\u00a023384778-1-07C\u00e9gjegyz\u00e9ksz\u00e1m:\u00a007-09-020559B\u00e1rmilyen szakmai kapcsolat vagy tags\u00e1gA weboldalon tal\u00e1lhat\u00f3 tartalom szerz\u0151i jogi inform\u00e1ci\u00f3i:Minden jog fenntartva! \u00a9 Mind Bridge Kft.<\/p>","protected":false},"author":1,"featured_media":0,"parent":0,"menu_order":0,"comment_status":"closed","ping_status":"closed","template":"","meta":{"_et_pb_use_builder":"on","_et_pb_old_content":"","_et_gb_content_width":"","_analytify_skip_tracking":false,"footnotes":""},"class_list":["post-251","page","type-page","status-publish","hentry"],"_links":{"self":[{"href":"https:\/\/brandnavigator.app\/fr\/wp-json\/wp\/v2\/pages\/251","targetHints":{"allow":["GET"]}}],"collection":[{"href":"https:\/\/brandnavigator.app\/fr\/wp-json\/wp\/v2\/pages"}],"about":[{"href":"https:\/\/brandnavigator.app\/fr\/wp-json\/wp\/v2\/types\/page"}],"author":[{"embeddable":true,"href":"https:\/\/brandnavigator.app\/fr\/wp-json\/wp\/v2\/users\/1"}],"replies":[{"embeddable":true,"href":"https:\/\/brandnavigator.app\/fr\/wp-json\/wp\/v2\/comments?post=251"}],"version-history":[{"count":5,"href":"https:\/\/brandnavigator.app\/fr\/wp-json\/wp\/v2\/pages\/251\/revisions"}],"predecessor-version":[{"id":316,"href":"https:\/\/brandnavigator.app\/fr\/wp-json\/wp\/v2\/pages\/251\/revisions\/316"}],"wp:attachment":[{"href":"https:\/\/brandnavigator.app\/fr\/wp-json\/wp\/v2\/media?parent=251"}],"curies":[{"name":"wp","href":"https:\/\/api.w.org\/{rel}","templated":true}]}}