{"id":84,"date":"2026-02-15T11:30:43","date_gmt":"2026-02-15T10:30:43","guid":{"rendered":"https:\/\/brandnavigator.app\/?post_type=product&#038;p=84"},"modified":"2026-02-25T13:54:13","modified_gmt":"2026-02-25T12:54:13","slug":"bn-image-credit","status":"publish","type":"product","link":"https:\/\/brandnavigator.app\/hu\/termek\/bn-image-credit\/","title":{"rendered":"Extra k\u00e9p kredit v\u00e1s\u00e1rl\u00e1sa"},"content":{"rendered":"","protected":false},"excerpt":{"rendered":"","protected":false},"featured_media":0,"comment_status":"open","ping_status":"closed","template":"","meta":{"_et_pb_use_builder":"","_et_pb_old_content":"","_et_gb_content_width":"","_analytify_skip_tracking":false},"product_brand":[],"product_cat":[28],"product_tag":[],"class_list":{"0":"post-84","1":"product","2":"type-product","3":"status-publish","5":"product_cat-upsell","7":"first","8":"instock","9":"virtual","10":"purchasable","11":"product-type-simple"},"_links":{"self":[{"href":"https:\/\/brandnavigator.app\/hu\/wp-json\/wp\/v2\/product\/84","targetHints":{"allow":["GET"]}}],"collection":[{"href":"https:\/\/brandnavigator.app\/hu\/wp-json\/wp\/v2\/product"}],"about":[{"href":"https:\/\/brandnavigator.app\/hu\/wp-json\/wp\/v2\/types\/product"}],"replies":[{"embeddable":true,"href":"https:\/\/brandnavigator.app\/hu\/wp-json\/wp\/v2\/comments?post=84"}],"wp:attachment":[{"href":"https:\/\/brandnavigator.app\/hu\/wp-json\/wp\/v2\/media?parent=84"}],"wp:term":[{"taxonomy":"product_brand","embeddable":true,"href":"https:\/\/brandnavigator.app\/hu\/wp-json\/wp\/v2\/product_brand?post=84"},{"taxonomy":"product_cat","embeddable":true,"href":"https:\/\/brandnavigator.app\/hu\/wp-json\/wp\/v2\/product_cat?post=84"},{"taxonomy":"product_tag","embeddable":true,"href":"https:\/\/brandnavigator.app\/hu\/wp-json\/wp\/v2\/product_tag?post=84"}],"curies":[{"name":"wp","href":"https:\/\/api.w.org\/{rel}","templated":true}]}}